{"id":8,"date":"2019-06-29T01:03:33","date_gmt":"2019-06-29T01:03:33","guid":{"rendered":"https:\/\/www.iluminaenergia.com.br\/site\/?page_id=8"},"modified":"2024-09-04T15:52:21","modified_gmt":"2024-09-04T18:52:21","slug":"inicio","status":"publish","type":"page","link":"https:\/\/www.iluminaenergia.com.br\/site\/","title":{"rendered":"In\u00edcio"},"content":{"rendered":"<p>[slider_pro id=&#8221;1&#8243;]<\/p>\n<div style=\"display: none;\">\n<p>sol sarandi, nova petr\u00f3polis energia solar sarandi, nova petr\u00f3polis, ilumina emsarandi, nova petr\u00f3polis, ilumina\u00e7\u00e3o,sarandi, nova petr\u00f3polis , ilumina\u00e7\u00e3o e vistorias e laudos sarandi, nova petr\u00f3polis<\/p>\n<h1>ilumina\u00e7\u00e3o emsarandi, nova petr\u00f3polis,\u00a0iluminasarandi, nova petr\u00f3polis, energia solar sarandi, nova petr\u00f3polis,<\/h1>\n<h2>ilumina\u00e7\u00e3o emsarandi, nova petr\u00f3polis, sol sarandi, nova petr\u00f3polis e regi\u00e3o, energia solar sarandi, nova petr\u00f3polis emsarandi, nova petr\u00f3polis, ilumina\u00e7\u00e3o iluminasarandi, nova petr\u00f3polis, ilumina\u00e7\u00e3o emsarandi, nova petr\u00f3polis , ilumina\u00e7\u00e3o, parasarandi, nova petr\u00f3polis e regi\u00e3o, ilumina\u00e7\u00e3o parasarandi, nova petr\u00f3polis e regi\u00e3o\u00a0vistorias e laudos sarandi, nova petr\u00f3polis de ilumina\u00e7\u00e3o emsarandi, nova petr\u00f3polis, sol sarandi, nova petr\u00f3polis e regi\u00e3o, energia solar sarandi, nova petr\u00f3polis emsarandi, nova petr\u00f3polis, ilumina\u00e7\u00e3o iluminasarandi, nova petr\u00f3polis, ilumina\u00e7\u00e3o emsarandi, nova petr\u00f3polis , ilumina\u00e7\u00e3o,<a title=\"vistorias e laudos sarandi, nova petr\u00f3polis de ilumina\u00e7\u00e3o emsarandi, nova petr\u00f3polis, sol sarandi, nova petr\u00f3polis e regi\u00e3o, energia solar sarandi, nova petr\u00f3polis emsarandi, nova petr\u00f3polis, ilumina\u00e7\u00e3o iluminasarandi, nova petr\u00f3polis, ilumina\u00e7\u00e3o emsarandi, nova petr\u00f3polis , ilumina\u00e7\u00e3o, parasarandi, nova petr\u00f3polis e regi\u00e3o, ilumina\u00e7\u00e3o parasarandi, nova petr\u00f3polis e regi\u00e3o\" href=\"https:\/\/www.iluminaenergia.com.br\">parasarandi, nova petr\u00f3polis e regi\u00e3o, ilumina\u00e7\u00e3o parasarandi, nova petr\u00f3polis e regi\u00e3o\u00a0vistorias e laudos sarandi, nova petr\u00f3polis de ilumina\u00e7\u00e3o emsarandi, nova petr\u00f3polis, sol sarandi, nova petr\u00f3polis e regi\u00e3o, energia solar sarandi, nova petr\u00f3polis emsarandi, nova petr\u00f3polis, ilumina\u00e7\u00e3o iluminasarandi, nova petr\u00f3polis, ilumina\u00e7\u00e3o emsarandi, nova petr\u00f3polis , ilumina\u00e7\u00e3o<\/a>, parasarandi, nova petr\u00f3polis e regi\u00e3o, ilumina\u00e7\u00e3o parasarandi, nova petr\u00f3polis e regi\u00e3o\u00a0vistorias e laudos sarandi, nova petr\u00f3polis de ilumina\u00e7\u00e3o emsarandi, nova petr\u00f3polis, sol sarandi, nova petr\u00f3polis e regi\u00e3o, energia solar sarandi, nova petr\u00f3polis emsarandi, nova petr\u00f3polis, ilumina\u00e7\u00e3o iluminasarandi, nova petr\u00f3polis, ilumina\u00e7\u00e3o emsarandi, nova petr\u00f3polis , ilumina\u00e7\u00e3o, parasarandi, nova petr\u00f3polis e regi\u00e3o, ilumina\u00e7\u00e3o parasarandi, nova petr\u00f3polis e regi\u00e3o\u00a0vistorias e laudos sarandi, nova petr\u00f3polis de ilumina\u00e7\u00e3o emsarandi, nova petr\u00f3polis, sol sarandi, nova petr\u00f3polis e regi\u00e3o, energia solar sarandi, nova petr\u00f3polis emsarandi, nova petr\u00f3polis, ilumina\u00e7\u00e3o iluminasarandi, nova petr\u00f3polis, ilumina\u00e7\u00e3o emsarandi, nova petr\u00f3polis , ilumina\u00e7\u00e3o, parasarandi, nova petr\u00f3polis e regi\u00e3o,<a title=\"vistorias e laudos sarandi, nova petr\u00f3polis de ilumina\u00e7\u00e3o emsarandi, nova petr\u00f3polis, sol sarandi, nova petr\u00f3polis e regi\u00e3o, energia solar sarandi, nova petr\u00f3polis emsarandi, nova petr\u00f3polis, ilumina\u00e7\u00e3o iluminasarandi, nova petr\u00f3polis, ilumina\u00e7\u00e3o emsarandi, nova petr\u00f3polis , ilumina\u00e7\u00e3o, parasarandi, nova petr\u00f3polis e regi\u00e3o, ilumina\u00e7\u00e3o parasarandi, nova petr\u00f3polis e regi\u00e3o\" href=\"https:\/\/www.iluminaenergia.com.br\/site\">ilumina\u00e7\u00e3o parasarandi, nova petr\u00f3polis e regi\u00e3o\u00a0vistorias e laudos sarandi, nova petr\u00f3polis de ilumina\u00e7\u00e3o emsarandi, nova petr\u00f3polis, sol sarandi, nova petr\u00f3polis e regi\u00e3o, cria\u00e7\u00e3o de sit<\/a>es emsarandi, nova petr\u00f3polis, ilumina\u00e7\u00e3o iluminasarandi, nova petr\u00f3polis, ilumina\u00e7\u00e3o emsarandi, nova petr\u00f3polis , ilumina\u00e7\u00e3o, parasarandi, nova petr\u00f3polis e regi\u00e3o, ilumina\u00e7\u00e3o parasarandi, nova petr\u00f3polis e regi\u00e3o<\/h2>\n<div id=\"attachment_747\" style=\"width: 353px\" class=\"wp-caption aligncenter\"><img aria-describedby=\"caption-attachment-747\" class=\"size-full wp-image-747 \" title=\"vistorias e laudos sarandi, nova petr\u00f3polis de ilumina\u00e7\u00e3o emsarandi, nova petr\u00f3polis\" alt=\"vistorias e laudos sarandi, nova petr\u00f3polis de ilumina\u00e7\u00e3o emsarandi, nova petr\u00f3polis\" width=\"343\" height=\"300\"  loading=\"lazy\" \/><p id=\"caption-attachment-747\" class=\"wp-caption-text\">vistorias e laudos sarandi, nova petr\u00f3polis de ilumina\u00e7\u00e3o emsarandi, nova petr\u00f3polis<\/p><\/div>\n<\/div>\n","protected":false},"excerpt":{"rendered":"<p>[slider_pro id=&#8221;1&#8243;] sol sarandi, nova petr\u00f3polis energia solar sarandi, nova petr\u00f3polis, ilumina emsarandi, nova petr\u00f3polis, ilumina\u00e7\u00e3o,sarandi, nova petr\u00f3polis , ilumina\u00e7\u00e3o e vistorias e laudos sarandi, nova petr\u00f3polis ilumina\u00e7\u00e3o emsarandi, nova petr\u00f3polis,\u00a0iluminasarandi, nova petr\u00f3polis, energia solar sarandi, nova petr\u00f3polis, ilumina\u00e7\u00e3o emsarandi, nova petr\u00f3polis, sol sarandi, nova petr\u00f3polis e regi\u00e3o, energia solar sarandi, nova petr\u00f3polis emsarandi, nova [&hellip;]<\/p>\n","protected":false},"author":1,"featured_media":0,"parent":0,"menu_order":0,"comment_status":"closed","ping_status":"closed","template":"template-landing2.php","meta":{"footnotes":""},"class_list":["post-8","page","type-page","status-publish","hentry"],"_links":{"self":[{"href":"https:\/\/www.iluminaenergia.com.br\/site\/wp-json\/wp\/v2\/pages\/8"}],"collection":[{"href":"https:\/\/www.iluminaenergia.com.br\/site\/wp-json\/wp\/v2\/pages"}],"about":[{"href":"https:\/\/www.iluminaenergia.com.br\/site\/wp-json\/wp\/v2\/types\/page"}],"author":[{"embeddable":true,"href":"https:\/\/www.iluminaenergia.com.br\/site\/wp-json\/wp\/v2\/users\/1"}],"replies":[{"embeddable":true,"href":"https:\/\/www.iluminaenergia.com.br\/site\/wp-json\/wp\/v2\/comments?post=8"}],"version-history":[{"count":14,"href":"https:\/\/www.iluminaenergia.com.br\/site\/wp-json\/wp\/v2\/pages\/8\/revisions"}],"predecessor-version":[{"id":232,"href":"https:\/\/www.iluminaenergia.com.br\/site\/wp-json\/wp\/v2\/pages\/8\/revisions\/232"}],"wp:attachment":[{"href":"https:\/\/www.iluminaenergia.com.br\/site\/wp-json\/wp\/v2\/media?parent=8"}],"curies":[{"name":"wp","href":"https:\/\/api.w.org\/{rel}","templated":true}]}}